{"id":18,"date":"2019-03-13T14:11:24","date_gmt":"2019-03-13T14:11:24","guid":{"rendered":"https:\/\/margreethonigfoundation.com\/?page_id=18"},"modified":"2026-03-24T22:29:08","modified_gmt":"2026-03-24T22:29:08","slug":"over-ons","status":"publish","type":"page","link":"https:\/\/margreethonigfoundation.com\/en\/over-ons\/","title":{"rendered":"About us"},"content":{"rendered":"<div class=\"wpb-content-wrapper\"><div class=\"vc_row wpb_row vc_row-fluid vc_custom_1560757074156 wpex-relative wpex-vc-has-custom-column-spacing wpex-vc-column-spacing-60 wpex-vc-row-boxed-layout-stretched\"><div class=\"wpb_column vc_column_container vc_col-sm-8\"><div class=\"vc_column-inner vc_custom_1560757062485\"><div class=\"wpb_wrapper\">\n\t<div class=\"wpb_text_column wpb_content_element\" >\n\t\t<div class=\"wpb_wrapper\">\n\t\t\t<h1>Margreet Honig Foundation<\/h1>\n<h2>Board of Trustees<\/h2>\n<ul>\n<li><strong>Chairman<\/strong> Marleen Prins<\/li>\n<li><strong>Treasurer<\/strong>\u00a0Renee ter Braake<\/li>\n<li><strong>Secretary<\/strong> Marcel Caniels<\/li>\n<\/ul>\n\n\t\t<\/div>\n\t<\/div>\n\n\t<div class=\"wpb_text_column wpb_content_element\" >\n\t\t<div class=\"wpb_wrapper\">\n\t\t\t<h2>Mangement<\/h2>\n<ul>\n<li>Artistic director: Elsina Jansen<\/li>\n<li>Organization: Marc Brookhuis<\/li>\n<\/ul>\n\n\t\t<\/div>\n\t<\/div>\n\n\t<div class=\"wpb_text_column wpb_content_element\" >\n\t\t<div class=\"wpb_wrapper\">\n\t\t\t<h2>Recommendation Committee<\/h2>\n<p>The Recommendation Committee of the Margreet Honig Foundation consists of: Elly Ameling, Ian Bostridge, V\u00e9ronique Gens, Christian Gerhaher, Val\u00e9rie Guillorit, Maarten Koningsberger, Magdalena Kozena, Henk Neven, Alexander Oliver, Helena Rasker, Anna Lucia Richter, Simona Saturova, Ulrike Sonntag, Ed Spanjaard, Malcolm Walker, and Judith van Wanroij.<\/p>\n<h2>Contact<\/h2>\n<p>Margreet Honig Foundation<br \/>\nStadhouderskade 150<br \/>\n1074 BB, Amsterdam<br \/>\nThe Netherlands<br \/>\n<a href=\"mailto:info@margreethonigfoundation.com\">info@margreethonigfoundation.com<\/a><\/p>\n\n\t\t<\/div>\n\t<\/div>\n<style>.vcex-list_item.vcex_69f85b511bf1d .vcex-list-item-icon-inner{font-size:25px;}<\/style><div class=\"vcex-list_item vcex-module wpex-m-0 wpex-max-w-100 wpex-mb-5 vc_custom_1554118779828 vcex_69f85b511bf1d\"><a href=\"https:\/\/www.facebook.com\/margreethonigfoundation\/\" class=\"vcex-list-item-link wpex-no-underline\"><div class=\"vcex-list-item-inner wpex-inline-flex wpex-flex-no-wrap\"><div class=\"vcex-list-item-icon wpex-mr-10\"><div class=\"vcex-list-item-icon-inner vcex-icon-wrap wpex-inline-flex wpex-justify-center wpex-items-center wpex-leading-none wpex-child-inherit-color\"><span class=\"wpex-icon--w wpex-icon\" aria-hidden=\"true\"><svg xmlns=\"http:\/\/www.w3.org\/2000\/svg\" viewbox=\"0 0 512 512\"><path d=\"M512 256C512 114.6 397.4 0 256 0S0 114.6 0 256C0 376 82.7 476.8 194.2 504.5V334.2H141.4V256h52.8V222.3c0-87.1 39.4-127.5 125-127.5c16.2 0 44.2 3.2 55.7 6.4V172c-6-.6-16.5-1-29.6-1c-42 0-58.2 15.9-58.2 57.2V256h83.6l-14.4 78.2H287V510.1C413.8 494.8 512 386.9 512 256h0z\"\/><\/svg><\/span><\/div><\/div><div class=\"vcex-list-item-text vcex-content wpex-flex-grow\">Margreet Honig Foundation<\/div><\/div><\/a><\/div>\n\t<div style=\"color:#157987;\" class=\"wpb_text_column has-custom-color wpex-child-inherit-color wpb_content_element\" >\n\t\t<div class=\"wpb_wrapper\">\n\t\t\t<p>&nbsp;<\/p>\n<p><em><strong>Thanks:<br \/>\n<\/strong>The Margreet Honig Foundation thanks <\/em><em>the Cornelis Goekoop Fonds for their contribution to the Margreet Honig Summer Academy. We are also grateful to the Cultuurfonds, Stichting Dioraphte, the AFK and the Bunschoten Fonds for the financial support that the MHF has received.<\/em><\/p>\n<p>&nbsp;<\/p>\n<p>Artwork and logo: Wouter Jansen<\/p>\n\n\t\t<\/div>\n\t<\/div>\n<\/div><\/div><\/div><div class=\"wpb_column vc_column_container vc_col-sm-4 wpex-vc_col-has-fill\"><div class=\"vc_column-inner vc_custom_1560325132538\"><div class=\"wpb_wrapper\">\n\t<div class=\"wpb_text_column wpb_content_element\" >\n\t\t<div class=\"wpb_wrapper\">\n\t\t\t<p><img loading=\"lazy\" decoding=\"async\" class=\"alignnone size-full wp-image-966\" src=\"https:\/\/margreethonigfoundation.com\/wp-content\/uploads\/2025\/02\/MHF-LogoType-Stacked-Small.png\" alt=\"\" width=\"246\" height=\"124\" srcset=\"https:\/\/margreethonigfoundation.com\/wp-content\/uploads\/2025\/02\/MHF-LogoType-Stacked-Small.png 246w, https:\/\/margreethonigfoundation.com\/wp-content\/uploads\/2025\/02\/MHF-LogoType-Stacked-Small-18x9.png 18w\" sizes=\"auto, (max-width: 246px) 100vw, 246px\" \/><\/p>\n\n\t\t<\/div>\n\t<\/div>\n\n\t<div class=\"wpb_raw_code wpb_raw_html wpb_content_element\" >\n\t\t<div class=\"wpb_wrapper\">\n\t\t\t<div  class=\"wpb_widgetised_column wpb_content_element\">\n\t\t<div class=\"wpb_wrapper\">\n\t\t\t\n\t\t\t<div id=\"block-2\" class=\"sidebar-box widget widget_block wpex-mb-30 wpex-clr\"><div class=\"wp-widget-group__inner-blocks\"><\/div><\/div><div id=\"block-7\" class=\"sidebar-box widget widget_block wpex-mb-30 wpex-clr\"><div class=\"wp-widget-group__inner-blocks\"><\/div><\/div><div id=\"block-8\" class=\"sidebar-box widget widget_block wpex-mb-30 wpex-clr\"><h2>Subscribe to the Newsletter<\/h2>\n<script charset=\"utf-8\" type=\"text\/javascript\" src=\"\/\/js-eu1.hsforms.net\/forms\/embed\/v2.js\"><\/script>\n<script>\n  hbspt.forms.create({\n    region: \"eu1\",\n    portalId: \"143563501\",\n    formId: \"8221315e-21a9-46f6-a03d-cc8801011081\"\n  });\n<\/script>\n<\/div>\n\t\t<\/div>\n\t<\/div>\n\n\t\t<\/div>\n\t<\/div>\n\n\t<div class=\"wpb_text_column wpb_content_element\" >\n\t\t<div class=\"wpb_wrapper\">\n\t\t\t<p><strong>Social Media:\u00a0<\/strong><\/p>\n\n\t\t<\/div>\n\t<\/div>\n<div class=\"vcex-social-links vcex-module wpex-flex wpex-flex-wrap wpex-social-btns vcex-social-btns wpex-items-center wpex-gap-5 wpex-last-mr-0\"><a href=\"https:\/\/www.facebook.com\/margreethonigfoundation\" class=\"vcex-social-links__item wpex-social-btn wpex-social-btn-no-style wpex-facebook\"><span class=\"vcex-social-links__icon wpex-icon\" aria-hidden=\"true\"><svg xmlns=\"http:\/\/www.w3.org\/2000\/svg\" viewbox=\"0 0 512 512\"><path d=\"M512 256C512 114.6 397.4 0 256 0S0 114.6 0 256C0 376 82.7 476.8 194.2 504.5V334.2H141.4V256h52.8V222.3c0-87.1 39.4-127.5 125-127.5c16.2 0 44.2 3.2 55.7 6.4V172c-6-.6-16.5-1-29.6-1c-42 0-58.2 15.9-58.2 57.2V256h83.6l-14.4 78.2H287V510.1C413.8 494.8 512 386.9 512 256h0z\"\/><\/svg><\/span><span class=\"screen-reader-text\">Facebook<\/span><\/a><a href=\"https:\/\/www.instagram.com\/margreethonigfoundation\" class=\"vcex-social-links__item wpex-social-btn wpex-social-btn-no-style wpex-instagram\"><span class=\"vcex-social-links__icon wpex-icon\" aria-hidden=\"true\"><svg xmlns=\"http:\/\/www.w3.org\/2000\/svg\" viewbox=\"0 0 448 512\"><path d=\"M224.1 141c-63.6 0-114.9 51.3-114.9 114.9s51.3 114.9 114.9 114.9S339 319.5 339 255.9 287.7 141 224.1 141zm0 189.6c-41.1 0-74.7-33.5-74.7-74.7s33.5-74.7 74.7-74.7 74.7 33.5 74.7 74.7-33.6 74.7-74.7 74.7zm146.4-194.3c0 14.9-12 26.8-26.8 26.8-14.9 0-26.8-12-26.8-26.8s12-26.8 26.8-26.8 26.8 12 26.8 26.8zm76.1 27.2c-1.7-35.9-9.9-67.7-36.2-93.9-26.2-26.2-58-34.4-93.9-36.2-37-2.1-147.9-2.1-184.9 0-35.8 1.7-67.6 9.9-93.9 36.1s-34.4 58-36.2 93.9c-2.1 37-2.1 147.9 0 184.9 1.7 35.9 9.9 67.7 36.2 93.9s58 34.4 93.9 36.2c37 2.1 147.9 2.1 184.9 0 35.9-1.7 67.7-9.9 93.9-36.2 26.2-26.2 34.4-58 36.2-93.9 2.1-37 2.1-147.8 0-184.8zM398.8 388c-7.8 19.6-22.9 34.7-42.6 42.6-29.5 11.7-99.5 9-132.1 9s-102.7 2.6-132.1-9c-19.6-7.8-34.7-22.9-42.6-42.6-11.7-29.5-9-99.5-9-132.1s-2.6-102.7 9-132.1c7.8-19.6 22.9-34.7 42.6-42.6 29.5-11.7 99.5-9 132.1-9s102.7-2.6 132.1 9c19.6 7.8 34.7 22.9 42.6 42.6 11.7 29.5 9 99.5 9 132.1s2.7 102.7-9 132.1z\"\/><\/svg><\/span><span class=\"screen-reader-text\">Instagram<\/span><\/a><a href=\"https:\/\/www.youtube.com\/@margreethonigfoundation\" class=\"vcex-social-links__item wpex-social-btn wpex-social-btn-no-style wpex-youtube\"><span class=\"vcex-social-links__icon wpex-icon\" aria-hidden=\"true\"><svg xmlns=\"http:\/\/www.w3.org\/2000\/svg\" viewbox=\"0 0 576 512\"><path d=\"M549.7 124.1c-6.3-23.7-24.8-42.3-48.3-48.6C458.8 64 288 64 288 64S117.2 64 74.6 75.5c-23.5 6.3-42 24.9-48.3 48.6-11.4 42.9-11.4 132.3-11.4 132.3s0 89.4 11.4 132.3c6.3 23.7 24.8 41.5 48.3 47.8C117.2 448 288 448 288 448s170.8 0 213.4-11.5c23.5-6.3 42-24.2 48.3-47.8 11.4-42.9 11.4-132.3 11.4-132.3s0-89.4-11.4-132.3zm-317.5 213.5V175.2l142.7 81.2-142.7 81.2z\"\/><\/svg><\/span><span class=\"screen-reader-text\">YouTube<\/span><\/a><a href=\"https:\/\/www.linkedin.com\/in\/margreet-honig-foundation-3a222b354\/\" class=\"vcex-social-links__item wpex-social-btn wpex-social-btn-no-style wpex-linkedin\"><span class=\"vcex-social-links__icon wpex-icon\" aria-hidden=\"true\"><svg xmlns=\"http:\/\/www.w3.org\/2000\/svg\" viewbox=\"0 0 448 512\"><path d=\"M100.3 448H7.4V148.9h92.9zM53.8 108.1C24.1 108.1 0 83.5 0 53.8a53.8 53.8 0 0 1 107.6 0c0 29.7-24.1 54.3-53.8 54.3zM447.9 448h-92.7V302.4c0-34.7-.7-79.2-48.3-79.2-48.3 0-55.7 37.7-55.7 76.7V448h-92.8V148.9h89.1v40.8h1.3c12.4-23.5 42.7-48.3 87.9-48.3 94 0 111.3 61.9 111.3 142.3V448z\"\/><\/svg><\/span><span class=\"screen-reader-text\">LinkedIn<\/span><\/a><\/div><\/div><\/div><\/div><\/div><div class=\"vc_row wpb_row vc_row-fluid vc_custom_1617893090340 wpex-relative wpex-vc_row-has-fill wpex-vc-row-boxed-layout-stretched wpex-vc-reset-negative-margin\"><div class=\"wpb_column vc_column_container vc_col-sm-6\"><div class=\"vc_column-inner\"><div class=\"wpb_wrapper\">\n\t<div style=\"text-align:center;\" class=\"wpb_text_column wpb_content_element\" >\n\t\t<div class=\"wpb_wrapper\">\n\t\t\t<p>The MHF has ANBI status. By clicking on the button, you will open our annual report and the annual accounts.<\/p>\n\n\t\t<\/div>\n\t<\/div>\n<\/div><\/div><\/div><div class=\"wpb_column vc_column_container vc_col-sm-6\"><div class=\"vc_column-inner\"><div class=\"wpb_wrapper\"><a href=\"https:\/\/margreethonigfoundation.com\/wp-content\/uploads\/2025\/06\/Jaarverslag-2024-met-handtekeningen.pdf\" class=\"vcex-button theme-button teal inline hvr hvr-grow\"><span class=\"vcex-button-inner theme-button-inner wpex-flex wpex-flex-wrap wpex-items-center wpex-justify-center\">Annual report<\/span><\/a> <a href=\"https:\/\/margreethonigfoundation.com\/wp-content\/uploads\/2025\/06\/Jaarrekening-2024-met-handtekeningen.pdf\" class=\"vcex-button theme-button teal inline hvr hvr-grow\"><span class=\"vcex-button-inner theme-button-inner wpex-flex wpex-flex-wrap wpex-items-center wpex-justify-center\">Annual accounts<\/span><\/a> <\/div><\/div><\/div><\/div>\n<\/div>","protected":false},"excerpt":{"rendered":"Margreet Honig Foundation Bestuursleden Voorzitter Marleen Prins Penningmeester\u00a0Renee ter Braake Secretaris Marcel Caniels Leiding Artistieke leiding: Elsina Jansen Productionele leiding: Marc Brookhuis Comit\u00e9 van aanbeveling Het comit\u00e9 van aanbeveling van de Margreet Honig Foundation bestaat uit: Elly Ameling, Ian Bostridge, V\u00e9ronique Gens, Christian Gerhaher, Val\u00e9rie Guillorit, Maarten Koningsberger, Magdalena Kozena, Henk Neven, Alexander Oliver, Helena&hellip;","protected":false},"author":1,"featured_media":0,"parent":0,"menu_order":0,"comment_status":"closed","ping_status":"closed","template":"","meta":{"footnotes":""},"class_list":["post-18","page","type-page","status-publish","hentry","entry","no-media"],"_links":{"self":[{"href":"https:\/\/margreethonigfoundation.com\/en\/wp-json\/wp\/v2\/pages\/18","targetHints":{"allow":["GET"]}}],"collection":[{"href":"https:\/\/margreethonigfoundation.com\/en\/wp-json\/wp\/v2\/pages"}],"about":[{"href":"https:\/\/margreethonigfoundation.com\/en\/wp-json\/wp\/v2\/types\/page"}],"author":[{"embeddable":true,"href":"https:\/\/margreethonigfoundation.com\/en\/wp-json\/wp\/v2\/users\/1"}],"replies":[{"embeddable":true,"href":"https:\/\/margreethonigfoundation.com\/en\/wp-json\/wp\/v2\/comments?post=18"}],"version-history":[{"count":7,"href":"https:\/\/margreethonigfoundation.com\/en\/wp-json\/wp\/v2\/pages\/18\/revisions"}],"predecessor-version":[{"id":1114,"href":"https:\/\/margreethonigfoundation.com\/en\/wp-json\/wp\/v2\/pages\/18\/revisions\/1114"}],"wp:attachment":[{"href":"https:\/\/margreethonigfoundation.com\/en\/wp-json\/wp\/v2\/media?parent=18"}],"curies":[{"name":"wp","href":"https:\/\/api.w.org\/{rel}","templated":true}]}}